{"id":14764,"date":"2020-07-20T14:07:22","date_gmt":"2020-07-20T18:07:22","guid":{"rendered":"https:\/\/fourwaybooks.com\/site\/?page_id=14764"},"modified":"2024-12-03T12:18:48","modified_gmt":"2024-12-03T17:18:48","slug":"the-life-assignment-by-ricardo-alberto-maldonado","status":"publish","type":"page","link":"https:\/\/fourwaybooks.com\/site\/the-life-assignment-by-ricardo-alberto-maldonado\/","title":{"rendered":"The Life Assignment by Ricardo Alberto Maldonado"},"content":{"rendered":"\n<p>[column col=&#8221;1\/4&#8243;]<img decoding=\"async\" class=\"wp-image-14761 size-medium aligncenter\" src=\"https:\/\/fourwaybooks.com\/site\/wp-content\/uploads\/2020\/04\/9781945588549-200x300.jpg\" alt=\"\" width=\"200\" height=\"300\" srcset=\"https:\/\/fourwaybooks.com\/site\/wp-content\/uploads\/2020\/04\/9781945588549-200x300.jpg 200w, https:\/\/fourwaybooks.com\/site\/wp-content\/uploads\/2020\/04\/9781945588549-300x450.jpg 300w, https:\/\/fourwaybooks.com\/site\/wp-content\/uploads\/2020\/04\/9781945588549-212x318.jpg 212w, https:\/\/fourwaybooks.com\/site\/wp-content\/uploads\/2020\/04\/9781945588549-150x225.jpg 150w, https:\/\/fourwaybooks.com\/site\/wp-content\/uploads\/2020\/04\/9781945588549-100x150.jpg 100w, https:\/\/fourwaybooks.com\/site\/wp-content\/uploads\/2020\/04\/9781945588549.jpg 432w\" sizes=\"(max-width: 200px) 100vw, 200px\" \/><\/p>\n<p style=\"padding: 2px 6px 4px 6px; color: #555555; background-color: #eeeeee; border: #dddddd 2px solid;\">paper \u2022 80 pages \u2022 16.95<br>ISBN-13: 978-1-945588-54-9<\/p>\n<p><a class=\"stunning-text-button gdl-button-hover\" style=\"color: #efefef; background-color: #171717;\" href=\"https:\/\/cdcshoppingcart.uchicago.edu\/Cart2\/ChicagoBook?ISBN=9781945588778&amp;press=fourway data-color=\" data-color-hover=\"#efefef\" data-bg=\"#d2d2d2\" data-bg-hover=\"#171717\">Add to Cart<\/a><\/p>\n<p><br>[\/column]<br>[column col=&#8221;3\/4&#8243;]<\/p>\n<h1><em>The Life Assignment<\/em><\/h1>\n<h2>Ricardo Alberto Maldonado<\/h2>\n<h5>Finalist for <a href=\"https:\/\/poetrysociety.org\/award-winners\/2021-book-awards-for-publishers\/norma-farber-first-book-award\">the Poetry Society of America&#8217;s Norma Farber First Book Award<\/a><\/h5>\n<h5>Starred Review in <a href=\"https:\/\/www.publishersweekly.com\/9781945588549\"><em>Publishers Weekly<\/em><\/a><\/h5>\n<h5>Featured in <a href=\"https:\/\/remezcla.com\/features\/culture\/best-books-of-2020\/\"> Remezcla&#8217;s 2020\u2019s Best Books by Latine or Latin American Authors<\/a><\/h5>\n<p>The speaker of the poems in <em>The Life Assignment<\/em> is reviewing his history. As if combing through a box of photographs, the speaker sorts through relationships, trying to discern what was healthy from what was exploitative. Concepts of love are turned over and over in these poems: romantic love, love of family, love of country, self-love (or lack thereof). Often the speaker finds that what at first appeared to be caring was insincere all along. When tenderness is in short supply, how can one protect oneself? How can one find home? In his debut collection, Ricardo Alberto Maldonado bends poems through bilingual lyrics that present spartan observation as evidence for its exacting verdict, \u201cWe never leave when life is elsewhere. The clemency of men disappears \/ as does the light, tarring the roofs.\u201d An electric debut collection.<\/p>\n<p><span style=\" font-size:=\" \"=\"\" inherit;\"=\"\">from <em>I Give You My Heart<\/em> <strong>Os doy mi coraz\u00f3n<\/strong><\/span><\/p><p><\/p>\n<div class=\"page\" title=\"Page 4\">\n<div class=\"section\">\n<div class=\"layoutArea\">\n<div class=\"column\">\n<p>I find myself on my feet with fifteen leaves. <br>Everything carries its own light on the walls.<\/p>\n<p>I woke up to slaughter, my heart opening <br>to cemeteries of moon\u2014<\/p>\n<p>the parasites, the drizzle. The mud crowning<br>the undergrowth with immense sadness.<\/p>\n<p>Me encuentro de pie con quince hojas. <br>Brilla todo en los muros.<\/p>\n<p>Despert\u00e9 en su sacrificio: mi coraz\u00f3n se abr\u00eda <br>entre cementerios de luna\u2014<\/p>\n<p>los par\u00e1sitos, la llovizna. El lodo coronando <br>la maleza con mustios grandes.<\/p>\n<\/div>\n<\/div>\n<\/div>\n<\/div>\n<p><a href=\"Remezcla's 2020\u2019s Best Books by Latine or Latin American Authors\n<p>The speaker of the poems in <em>The Life Assignment<\/em> is reviewing his history. As if combing through a box of photographs, the speaker sorts through relationships, trying to discern what was healthy from what was exploitative. Concepts of love are turned over and over in these poems: romantic love, love of family, love of country, self-love (or lack thereof). Often the speaker finds that what at first appeared to be caring was insincere all along. When tenderness is in short supply, how can one protect oneself? How can one find home? In his debut collection, Ricardo Alberto Maldonado bends poems through bilingual lyrics that present spartan observation as evidence for its exacting verdict, \u201cWe never leave when life is elsewhere. The clemency of men disappears \/ as does the light, tarring the roofs.\u201d An electric debut collection.<\/p>\n<p><span style=\" font-size:=\"\" inherit;\"=\"\">[\/column]<br><\/a><a class=\"stunning-text-button gdl-button-hover\" style=\"color: #efefef; background-color: #171717;\" href=\"https:\/\/fourwaybooks.com\/site\/?page_id=14789\" data-color=\"#ffffff\" data-color-hover=\"#efefef\" data-bg=\"#d2d2d2\" data-bg-hover=\"#171717\">About the Author<\/a><\/p>\n","protected":false},"excerpt":{"rendered":"<p>[column col=&#8221;1\/4&#8243;] paper \u2022 80 pages \u2022 16.95ISBN-13: 978-1-945588-54-9 Add to Cart [\/column][column col=&#8221;3\/4&#8243;] The Life Assignment Ricardo Alberto Maldonado Finalist for the Poetry Society of America&#8217;s Norma Farber First Book Award Starred Review in Publishers Weekly Featured in Remezcla&#8217;s 2020\u2019s Best Books by Latine or Latin American Authors The speaker of the poems in [&hellip;]<\/p>\n","protected":false},"author":4,"featured_media":0,"parent":0,"menu_order":0,"comment_status":"closed","ping_status":"closed","template":"","meta":{"advanced_seo_description":"","jetpack_seo_html_title":"","jetpack_seo_noindex":false,"footnotes":""},"class_list":["post-14764","page","type-page","status-publish","hentry"],"jetpack_sharing_enabled":true,"_links":{"self":[{"href":"https:\/\/fourwaybooks.com\/site\/wp-json\/wp\/v2\/pages\/14764","targetHints":{"allow":["GET"]}}],"collection":[{"href":"https:\/\/fourwaybooks.com\/site\/wp-json\/wp\/v2\/pages"}],"about":[{"href":"https:\/\/fourwaybooks.com\/site\/wp-json\/wp\/v2\/types\/page"}],"author":[{"embeddable":true,"href":"https:\/\/fourwaybooks.com\/site\/wp-json\/wp\/v2\/users\/4"}],"replies":[{"embeddable":true,"href":"https:\/\/fourwaybooks.com\/site\/wp-json\/wp\/v2\/comments?post=14764"}],"version-history":[{"count":5,"href":"https:\/\/fourwaybooks.com\/site\/wp-json\/wp\/v2\/pages\/14764\/revisions"}],"predecessor-version":[{"id":20469,"href":"https:\/\/fourwaybooks.com\/site\/wp-json\/wp\/v2\/pages\/14764\/revisions\/20469"}],"wp:attachment":[{"href":"https:\/\/fourwaybooks.com\/site\/wp-json\/wp\/v2\/media?parent=14764"}],"curies":[{"name":"wp","href":"https:\/\/api.w.org\/{rel}","templated":true}]}}