{"id":4330,"date":"2013-09-13T21:14:35","date_gmt":"2013-09-13T21:14:35","guid":{"rendered":"http:\/\/fourwaybooks.com\/site\/?page_id=4330"},"modified":"2022-11-17T13:30:26","modified_gmt":"2022-11-17T18:30:26","slug":"points-of-balance","status":"publish","type":"page","link":"https:\/\/fourwaybooks.com\/site\/points-of-balance\/","title":{"rendered":"Points of Balance\/ Puntos de Apoyo"},"content":{"rendered":"<p>[column col=&#8221;1\/4&#8243;]<a href=\"http:\/\/fourwaybooks.com\/site\/wp-content\/uploads\/2013\/08\/Points-of-Balance-Puntos-de-Apoyo-Cover.jpg\"><img decoding=\"async\" class=\"alignnone size-full wp-image-2934\" style=\"margin-top: 0px; margin-bottom: 100px;\" src=\"http:\/\/fourwaybooks.com\/site\/wp-content\/uploads\/2013\/08\/Points-of-Balance-Puntos-de-Apoyo-Cover.jpg\" alt=\"Points of Balance  Puntos de Apoyo Cover\" width=\"195\" height=\"300\" srcset=\"https:\/\/fourwaybooks.com\/site\/wp-content\/uploads\/2013\/08\/Points-of-Balance-Puntos-de-Apoyo-Cover.jpg 195w, https:\/\/fourwaybooks.com\/site\/wp-content\/uploads\/2013\/08\/Points-of-Balance-Puntos-de-Apoyo-Cover-146x225.jpg 146w\" sizes=\"(max-width: 195px) 100vw, 195px\" \/><\/a><\/p>\n<p style=\"padding: 2px 6px 4px 6px; color: #555555; background-color: #eeeeee; border: #dddddd 2px solid;\">paper \u2022 130 pages \u2022 14.95<br \/>\nISBN-10:\u00a01-884800-64-5<\/p>\n<p><a class=\"stunning-text-button gdl-button-hover\" style=\"color: #efefef; background-color: #171717;\" href=\"https:\/\/cdcshoppingcart.uchicago.edu\/Cart2\/Chicagobook?ISBN=1884800645&amp;PRESS=fourway\" data-color=\" data-color-hover=\" data-bg=\"#d2d2d2\" data-bg-hover=\"#171717\" data-wplink-edit=\"true\">Add to Cart<\/a><\/p>\n<p>[\/column]<\/p>\n<h1><em>Points of Balance\/Puntos de Apoyo<\/em><\/h1>\n<h2>Pablo Medina<\/h2>\n<p>COSMOLOG\u00cdA<\/p>\n<p>Aqu\u00ed, una taza de caf\u00e9,<br \/>\nall\u00e1, alguien toca a la puerta.<\/p>\n<p>Entre el caf\u00e9 y la aldaba<br \/>\nhay doscientos a\u00f1os luz.<\/p>\n<p>Llevo la taza a la puerta,<br \/>\nse multiplican los siglos y la luz.<\/p>\n<p>MIRAGE<\/p>\n<p>I move from one language<br \/>\nto another, I dive<\/p>\n<p>from a pool of water<br \/>\nto a pool of dreams,<\/p>\n<p>from the fire of words<br \/>\nto the shadow beyond them.<\/p>\n<p><a class=\"stunning-text-button gdl-button-hover\" style=\"color: #efefef; background-color: #171717;\" href=\"http:\/\/fourwaybooks.com\/site\/pablo-medina\/\" data-color=\"#ffffff\" data-color-hover=\"#efefef\" data-bg=\"#d2d2d2\" data-bg-hover=\"#171717\">About the Author<\/a><\/p>\n","protected":false},"excerpt":{"rendered":"<p>[column col=&#8221;1\/4&#8243;] paper \u2022 130 pages \u2022 14.95 ISBN-10:\u00a01-884800-64-5 Add to Cart [\/column] Points of Balance\/Puntos de Apoyo Pablo Medina COSMOLOG\u00cdA Aqu\u00ed, una taza de caf\u00e9, all\u00e1, alguien toca a la puerta. Entre el caf\u00e9 y la aldaba hay doscientos a\u00f1os luz. Llevo la taza a la puerta, se multiplican los siglos y la luz. [&hellip;]<\/p>\n","protected":false},"author":4,"featured_media":0,"parent":0,"menu_order":0,"comment_status":"closed","ping_status":"closed","template":"","meta":{"advanced_seo_description":"","jetpack_seo_html_title":"","jetpack_seo_noindex":false,"footnotes":""},"class_list":["post-4330","page","type-page","status-publish","hentry"],"jetpack_sharing_enabled":true,"_links":{"self":[{"href":"https:\/\/fourwaybooks.com\/site\/wp-json\/wp\/v2\/pages\/4330","targetHints":{"allow":["GET"]}}],"collection":[{"href":"https:\/\/fourwaybooks.com\/site\/wp-json\/wp\/v2\/pages"}],"about":[{"href":"https:\/\/fourwaybooks.com\/site\/wp-json\/wp\/v2\/types\/page"}],"author":[{"embeddable":true,"href":"https:\/\/fourwaybooks.com\/site\/wp-json\/wp\/v2\/users\/4"}],"replies":[{"embeddable":true,"href":"https:\/\/fourwaybooks.com\/site\/wp-json\/wp\/v2\/comments?post=4330"}],"version-history":[{"count":5,"href":"https:\/\/fourwaybooks.com\/site\/wp-json\/wp\/v2\/pages\/4330\/revisions"}],"predecessor-version":[{"id":18618,"href":"https:\/\/fourwaybooks.com\/site\/wp-json\/wp\/v2\/pages\/4330\/revisions\/18618"}],"wp:attachment":[{"href":"https:\/\/fourwaybooks.com\/site\/wp-json\/wp\/v2\/media?parent=4330"}],"curies":[{"name":"wp","href":"https:\/\/api.w.org\/{rel}","templated":true}]}}